{"id":1276,"date":"2021-03-18T18:13:00","date_gmt":"2021-03-18T18:13:00","guid":{"rendered":"https:\/\/crsvoisinage.com\/wp\/?page_id=1276"},"modified":"2021-03-18T18:13:49","modified_gmt":"2021-03-18T18:13:49","slug":"annee-2020","status":"publish","type":"page","link":"https:\/\/crsvoisinage.com\/wp\/le-projet\/avancement-des-travaux\/annee-2020\/","title":{"rendered":"Ann\u00e9e 2020"},"content":{"rendered":"<p><span style=\"color: #ff0000;\"><strong>Mise \u00e0 jour Covid-19 &#8211; Septembre 2019<\/strong><\/span><\/p>\n<p>Les mesures de sant\u00e9 publique dict\u00e9es par le gouvernement sont appliqu\u00e9es en continu par tout le personnel, soit les op\u00e9rateurs, les fournisseurs de mati\u00e8res, les camionneurs et tout autre intervenant appel\u00e9 \u00e0 \u0153uvrer ou entrer sur le site. Rappelons qu\u2019en raison des circonstances exceptionnelles et en vue de contribuer \u00e0 l\u2019effort collectif pour limiter la propagation du coronavirus, l\u2019entreprise Sanexen a suspendu la r\u00e9ception de sols au site de Carri\u00e8res Rive-Sud du 24 mars dernier au 11 mai 2020.<\/p>\n<p><span style=\"color: #99cc00;\"><strong>Automne<\/strong><\/span><\/p>\n<ul>\n<li>R\u00e9ception de la membrane et entreposage pour l&rsquo;hiver sur le site.<\/li>\n<\/ul>\n<p><img loading=\"lazy\" class=\"size-medium wp-image-1192 aligncenter\" src=\"https:\/\/crsvoisinage.com\/wp\/wp-content\/uploads\/2020\/12\/membranes-300x142.jpg\" alt=\"\" width=\"300\" height=\"142\" srcset=\"https:\/\/crsvoisinage.com\/wp\/wp-content\/uploads\/2020\/12\/membranes-300x142.jpg 300w, https:\/\/crsvoisinage.com\/wp\/wp-content\/uploads\/2020\/12\/membranes-768x363.jpg 768w, https:\/\/crsvoisinage.com\/wp\/wp-content\/uploads\/2020\/12\/membranes-1024x485.jpg 1024w\" sizes=\"(max-width: 300px) 100vw, 300px\" \/><\/p>\n<ul>\n<li>D\u00e9m\u00e9nagement des \u00e9quipements d&rsquo;entretien et de la roulotte des travailleurs de l&rsquo;acc\u00e8s au site par la rue de Montbrun \u00e0 l&rsquo;acc\u00e8s au site par le chemin d&rsquo;Anjou.<\/li>\n<li>D\u00e9but de la r\u00e9ception de b\u00e9ton en provenance de la d\u00e9molition du Pont Champlain.<\/li>\n<\/ul>\n<p><img loading=\"lazy\" class=\"size-medium wp-image-1193 aligncenter\" src=\"https:\/\/crsvoisinage.com\/wp\/wp-content\/uploads\/2020\/12\/pont-champlain-300x170.jpg\" alt=\"\" width=\"300\" height=\"170\" srcset=\"https:\/\/crsvoisinage.com\/wp\/wp-content\/uploads\/2020\/12\/pont-champlain-300x170.jpg 300w, https:\/\/crsvoisinage.com\/wp\/wp-content\/uploads\/2020\/12\/pont-champlain.jpg 311w\" sizes=\"(max-width: 300px) 100vw, 300px\" \/><\/p>\n<ul>\n<li>Report \u00e0 2021 de la mise en place de la membrane d&rsquo;\u00e9tanch\u00e9it\u00e9 au-dessus de la portion contamin\u00e9e du site \u00e9tant donn\u00e9 le d\u00e9lai d&rsquo;approbation de la demande de modification envoy\u00e9e au MELCC en juillet dernier.<\/li>\n<\/ul>\n<figure id=\"attachment_1133\" aria-describedby=\"caption-attachment-1133\" style=\"width: 256px\" class=\"wp-caption aligncenter\"><img loading=\"lazy\" class=\"size-medium wp-image-1133\" src=\"https:\/\/crsvoisinage.com\/wp\/wp-content\/uploads\/2020\/06\/CRS_butte-256x300.jpg\" alt=\"\" width=\"256\" height=\"300\" srcset=\"https:\/\/crsvoisinage.com\/wp\/wp-content\/uploads\/2020\/06\/CRS_butte-256x300.jpg 256w, https:\/\/crsvoisinage.com\/wp\/wp-content\/uploads\/2020\/06\/CRS_butte.jpg 444w\" sizes=\"(max-width: 256px) 100vw, 256px\" \/><figcaption id=\"caption-attachment-1133\" class=\"wp-caption-text\">Travaux de profilage de la cellule (s\u00e9curisation de la portion contamin\u00e9e du site)<\/figcaption><\/figure>\n<p style=\"text-align: left;\"><span style=\"color: #99cc00;\"><strong>\u00c9t\u00e9<\/strong><\/span><\/p>\n<ul>\n<li>Demande de modification au plan de r\u00e9habilitation original d\u00e9pos\u00e9e au MELCC. Cette demande vise \u00e0 modifier la <a href=\"https:\/\/crsvoisinage.com\/wp\/le-projet\/caracteristiques-du-projet\/\">topographie<\/a> finale du site afin, notamment, d\u2019y ajouter un plan d\u2019eau. La demande inclut \u00e9galement des modifications aux syst\u00e8mes de gestion des biogaz et de l\u2019eau de ruissellement.<\/li>\n<li>Profilage du bassin 2 pour le futur lac.<\/li>\n<li>Installation de l\u2019aqueduc du 1089, rue de Montbrun, au 1000, chemin d\u2019Anjou.<br \/>\n<a href=\"https:\/\/crsvoisinage.com\/wp\/wp-content\/uploads\/2020\/06\/Sanexen_Aqueduc_Communiqu\u00e9_juin-2020.pdf\">Communiqu\u00e9 de presse<\/a><\/li>\n<\/ul>\n<p><img loading=\"lazy\" class=\"wp-image-1179 aligncenter\" src=\"https:\/\/crsvoisinage.com\/wp\/wp-content\/uploads\/2020\/09\/aqueduc-300x150.jpg\" alt=\"\" width=\"358\" height=\"179\" srcset=\"https:\/\/crsvoisinage.com\/wp\/wp-content\/uploads\/2020\/09\/aqueduc-300x150.jpg 300w, https:\/\/crsvoisinage.com\/wp\/wp-content\/uploads\/2020\/09\/aqueduc.jpg 538w\" sizes=\"(max-width: 358px) 100vw, 358px\" \/><\/p>\n<ul>\n<li>Mise en place d\u2019une nouvelle fondation sur le chemin d\u2019Anjou entre le 950 et le 1000, chemin d\u2019Anjou.<\/li>\n<li>Ragr\u00e9age du chemin d\u2019Anjou au besoin.<\/li>\n<li>Ajout d&rsquo;abat-poussi\u00e8re<\/li>\n<\/ul>\n<p><span style=\"color: #99cc00;\"><strong>Fin printemps<\/strong><\/span><\/p>\n<p><strong>Chemin d&rsquo;Anjou\u00a0<\/strong><\/p>\n<ul>\n<li><strong>Aucune r\u00e9paration majeure n&rsquo;a \u00e9t\u00e9 effectu\u00e9e\u00a0<\/strong>durant la p\u00e9riode de d\u00e9gel car il n&rsquo;y a pas de circulation de camions<\/li>\n<li style=\"list-style-type: none;\"><\/li>\n<li><strong>13 mai <\/strong>: Ragr\u00e9age du chemin<\/li>\n<li><strong>19 mai <\/strong>: Ajout d\u2019abat-poussi\u00e8re<\/li>\n<li><strong>2 juin <\/strong>: Installation d\u2019une dalle de patio pr\u00e8s de la bo\u00eete aux lettres et nettoyage du foss\u00e9<\/li>\n<\/ul>\n<figure id=\"attachment_1136\" aria-describedby=\"caption-attachment-1136\" style=\"width: 613px\" class=\"wp-caption aligncenter\"><img loading=\"lazy\" class=\"wp-image-1136 size-full\" src=\"https:\/\/crsvoisinage.com\/wp\/wp-content\/uploads\/2020\/06\/CRS_chemin.png\" alt=\"\" width=\"613\" height=\"459\" srcset=\"https:\/\/crsvoisinage.com\/wp\/wp-content\/uploads\/2020\/06\/CRS_chemin.png 613w, https:\/\/crsvoisinage.com\/wp\/wp-content\/uploads\/2020\/06\/CRS_chemin-300x225.png 300w\" sizes=\"(max-width: 613px) 100vw, 613px\" \/><figcaption id=\"caption-attachment-1136\" class=\"wp-caption-text\">Chemin d&rsquo;Anjou, Boucherville<\/figcaption><\/figure>\n<ul>\n<li style=\"list-style-type: none;\">\n<hr \/>\n<p><strong style=\"color: #99cc00; font-size: 1rem;\">Mars-avril 2020<\/strong><\/li>\n<li style=\"list-style-type: none;\"><strong><br \/>\nNOTE : ces travaux n&rsquo;ont pas \u00e9t\u00e9 r\u00e9alis\u00e9s en raison de l&rsquo;arr\u00eat des travaux d\u00fb \u00e0 la COVID-19.<\/strong><\/li>\n<\/ul>\n<p><strong><span style=\"font-family: 'Calibri',sans-serif;\">Chemin d&rsquo;Anjou<br \/>\n<\/span><\/strong>La reproduction de l\u2019accroche-porte ci-dessous explique en bref les travaux de r\u00e9fection qui auront lieu \u00e0 court terme sur le chemin d\u2019Anjou. Ce document a \u00e9t\u00e9 transmis au voisinage du site de la carri\u00e8re <em>Carri\u00e8res Rive-Sud<\/em> (CRS) dans la sem<span style=\"font-size: 1rem;\">aine du 2 mars.<\/span><\/p>\n<p><em style=\"font-size: 1rem; text-align: center;\">\u00a0<a href=\"https:\/\/crsvoisinage.com\/wp\/wp-content\/uploads\/2020\/03\/Accroche-porte_travaux_printemps_2020.pdf\"><img loading=\"lazy\" class=\"size-medium wp-image-1104 aligncenter\" src=\"https:\/\/crsvoisinage.com\/wp\/wp-content\/uploads\/2020\/03\/3.Accroche-porte_travaux_printemps_2020-282x300.jpg\" alt=\"\" width=\"282\" height=\"300\" srcset=\"https:\/\/crsvoisinage.com\/wp\/wp-content\/uploads\/2020\/03\/3.Accroche-porte_travaux_printemps_2020-282x300.jpg 282w, https:\/\/crsvoisinage.com\/wp\/wp-content\/uploads\/2020\/03\/3.Accroche-porte_travaux_printemps_2020-768x818.jpg 768w, https:\/\/crsvoisinage.com\/wp\/wp-content\/uploads\/2020\/03\/3.Accroche-porte_travaux_printemps_2020-961x1024.jpg 961w\" sizes=\"(max-width: 282px) 100vw, 282px\" \/><\/a>\u00a0<\/em><\/p>\n<hr \/>\n<p><span style=\"color: #99cc00;\"><strong>Janvier-f\u00e9vrier 2020<\/strong><\/span><\/p>\n<p><strong><span style=\"font-family: 'Calibri',sans-serif;\">Chemin d&rsquo;Anjou<br \/>\n<\/span><\/strong>La qualit\u00e9 du chemin d&rsquo;Anjou est stable\u00a0et les signalements re\u00e7us concernant le d\u00e9neigement ont \u00e9t\u00e9 transmis \u00e0 notre sous-traitant.<\/p>\n<p>En outre, une rencontre avec des repr\u00e9sentants de la ville de Boucherville est pr\u00e9vue afin d&rsquo;\u00e9laborer un plan d&rsquo;action en pr\u00e9vision du d\u00e9gel du printemps.<\/p>\n<figure id=\"attachment_1083\" aria-describedby=\"caption-attachment-1083\" style=\"width: 396px\" class=\"wp-caption aligncenter\"><img loading=\"lazy\" class=\"wp-image-1083\" src=\"https:\/\/crsvoisinage.com\/wp\/wp-content\/uploads\/2020\/02\/20191211_141343.jpg\" alt=\"\" width=\"396\" height=\"396\" srcset=\"https:\/\/crsvoisinage.com\/wp\/wp-content\/uploads\/2020\/02\/20191211_141343.jpg 3024w, https:\/\/crsvoisinage.com\/wp\/wp-content\/uploads\/2020\/02\/20191211_141343-150x150.jpg 150w, https:\/\/crsvoisinage.com\/wp\/wp-content\/uploads\/2020\/02\/20191211_141343-300x300.jpg 300w, https:\/\/crsvoisinage.com\/wp\/wp-content\/uploads\/2020\/02\/20191211_141343-768x768.jpg 768w, https:\/\/crsvoisinage.com\/wp\/wp-content\/uploads\/2020\/02\/20191211_141343-1024x1024.jpg 1024w, https:\/\/crsvoisinage.com\/wp\/wp-content\/uploads\/2020\/02\/20191211_141343-100x100.jpg 100w\" sizes=\"(max-width: 396px) 100vw, 396px\" \/><figcaption id=\"caption-attachment-1083\" class=\"wp-caption-text\">Chemin d&rsquo;Anjou, Boucherville<\/figcaption><\/figure>\n<p><strong><span style=\"font-family: 'Calibri',sans-serif;\">Topographie du site<br \/>\n<\/span><\/strong>La construction de la tranch\u00e9e d\u2019interception p\u00e9riph\u00e9rique des biogaz en bordure de la portion contamin\u00e9e du site a d\u00e9but\u00e9e. Cet ouvrage vise \u00e0 emp\u00eacher la migration lat\u00e9rale des biogaz \u00e0 l\u2019ext\u00e9rieur du site.<\/p>\n<figure id=\"attachment_1084\" aria-describedby=\"caption-attachment-1084\" style=\"width: 4032px\" class=\"wp-caption aligncenter\"><img loading=\"lazy\" class=\"wp-image-1084 size-full\" src=\"https:\/\/crsvoisinage.com\/wp\/wp-content\/uploads\/2020\/02\/Tranch\u00e9e-biogaz.jpg\" alt=\"\" width=\"4032\" height=\"3024\" srcset=\"https:\/\/crsvoisinage.com\/wp\/wp-content\/uploads\/2020\/02\/Tranch\u00e9e-biogaz.jpg 4032w, https:\/\/crsvoisinage.com\/wp\/wp-content\/uploads\/2020\/02\/Tranch\u00e9e-biogaz-300x225.jpg 300w, https:\/\/crsvoisinage.com\/wp\/wp-content\/uploads\/2020\/02\/Tranch\u00e9e-biogaz-768x576.jpg 768w, https:\/\/crsvoisinage.com\/wp\/wp-content\/uploads\/2020\/02\/Tranch\u00e9e-biogaz-1024x768.jpg 1024w\" sizes=\"(max-width: 767px) 89vw, (max-width: 1000px) 54vw, (max-width: 1071px) 543px, 580px\" \/><figcaption id=\"caption-attachment-1084\" class=\"wp-caption-text\">Tranch\u00e9e en construction en bordure de la portion contamin\u00e9e du site<\/figcaption><\/figure>\n","protected":false},"excerpt":{"rendered":"<p>Mise \u00e0 jour Covid-19 &#8211; Septembre 2019 Les mesures de sant\u00e9 publique dict\u00e9es par le gouvernement sont appliqu\u00e9es en continu par tout le personnel, soit les op\u00e9rateurs, les fournisseurs de mati\u00e8res, les camionneurs et tout autre intervenant appel\u00e9 \u00e0 \u0153uvrer ou entrer sur le site. Rappelons qu\u2019en raison des circonstances exceptionnelles et en vue de &hellip; <\/p>\n<p class=\"link-more\"><a href=\"https:\/\/crsvoisinage.com\/wp\/le-projet\/avancement-des-travaux\/annee-2020\/\" class=\"more-link\">Continuer la lecture<span class=\"screen-reader-text\"> de &laquo;&nbsp;Ann\u00e9e 2020&nbsp;&raquo;<\/span><\/a><\/p>\n","protected":false},"author":4,"featured_media":0,"parent":29,"menu_order":0,"comment_status":"closed","ping_status":"closed","template":"","meta":[],"_links":{"self":[{"href":"https:\/\/crsvoisinage.com\/wp\/wp-json\/wp\/v2\/pages\/1276"}],"collection":[{"href":"https:\/\/crsvoisinage.com\/wp\/wp-json\/wp\/v2\/pages"}],"about":[{"href":"https:\/\/crsvoisinage.com\/wp\/wp-json\/wp\/v2\/types\/page"}],"author":[{"embeddable":true,"href":"https:\/\/crsvoisinage.com\/wp\/wp-json\/wp\/v2\/users\/4"}],"replies":[{"embeddable":true,"href":"https:\/\/crsvoisinage.com\/wp\/wp-json\/wp\/v2\/comments?post=1276"}],"version-history":[{"count":2,"href":"https:\/\/crsvoisinage.com\/wp\/wp-json\/wp\/v2\/pages\/1276\/revisions"}],"predecessor-version":[{"id":1278,"href":"https:\/\/crsvoisinage.com\/wp\/wp-json\/wp\/v2\/pages\/1276\/revisions\/1278"}],"up":[{"embeddable":true,"href":"https:\/\/crsvoisinage.com\/wp\/wp-json\/wp\/v2\/pages\/29"}],"wp:attachment":[{"href":"https:\/\/crsvoisinage.com\/wp\/wp-json\/wp\/v2\/media?parent=1276"}],"curies":[{"name":"wp","href":"https:\/\/api.w.org\/{rel}","templated":true}]}}