{"id":1748,"date":"2024-07-23T15:25:14","date_gmt":"2024-07-23T15:25:14","guid":{"rendered":"https:\/\/crsvoisinage.com\/wp\/?page_id=1748"},"modified":"2024-07-23T15:25:15","modified_gmt":"2024-07-23T15:25:15","slug":"annee-2023","status":"publish","type":"page","link":"https:\/\/crsvoisinage.com\/wp\/annee-2023\/","title":{"rendered":"Ann\u00e9e 2023"},"content":{"rendered":"\n<p><strong>Automne 2023 &#8211; Hiver 2024<\/strong><\/p>\n\n\n\n<p><img src=\"https:\/\/crsvoisinage.com\/wp\/wp-content\/uploads\/2023\/11\/Lac-plein.png\">Dans le bassin, l\u2019eau s\u2019est \u00e9lev\u00e9e d\u2019un m\u00e8tre au cours de l\u2019\u00e9t\u00e9 2023. \u00c0 terme, l\u2019eau montera d\u2019environ un autre m\u00e8tre.<\/p>\n\n\n\n<p><img src=\"https:\/\/crsvoisinage.com\/wp\/wp-content\/uploads\/2023\/11\/Gazon.png\">L\u2019hydroensemencement pr\u00e9vient l\u2019envahissement par le phragmite (roseau commun).<\/p>\n\n\n\n<p><img src=\"https:\/\/crsvoisinage.com\/wp\/wp-content\/uploads\/2023\/11\/Butte_nov-2023.png\">La butte est maintenant rendue \u00e0 environ 8 m\u00e8tres de sa hauteur maximale (approximativement la hauteur de la benne lev\u00e9e \u00e0 droite du camion observ\u00e9 sur la photo). La longueur de la d\u00e9nivellation du point le plus haut de la butte jusqu\u2019\u00e0 la ligne d\u2019eau est d\u2019environ 150 m\u00e8tres.<\/p>\n\n\n\n<p><img src=\"https:\/\/crsvoisinage.com\/wp\/wp-content\/uploads\/2023\/11\/Profil_nov-2023.png\">Jusqu\u2019\u00e0 l\u2019\u00e9t\u00e9 2024, la r\u00e9ception des sols se poursuivra. Le m\u00eame profil de pente sera reproduit sur les c\u00f4t\u00e9s est et ouest de la butte. Les eaux de ruissellement sont recueillies dans le foss\u00e9 du bas, o\u00f9 se trouvent des mati\u00e8res granulaires, pour \u00eatre achemin\u00e9es vers un bassin de d\u00e9cantation.<\/p>\n\n\n\n<p><strong>Printemps\/\u00e9t\u00e9<\/strong><\/p>\n\n\n\n<figure class=\"wp-block-image\"><img loading=\"lazy\" width=\"1280\" height=\"559\" src=\"https:\/\/crsvoisinage.com\/wp\/wp-content\/uploads\/2023\/06\/Arpentage_mars_2023.jpg\" alt=\"\" class=\"wp-image-1586\" srcset=\"https:\/\/crsvoisinage.com\/wp\/wp-content\/uploads\/2023\/06\/Arpentage_mars_2023.jpg 1280w, https:\/\/crsvoisinage.com\/wp\/wp-content\/uploads\/2023\/06\/Arpentage_mars_2023-300x131.jpg 300w, https:\/\/crsvoisinage.com\/wp\/wp-content\/uploads\/2023\/06\/Arpentage_mars_2023-1024x447.jpg 1024w, https:\/\/crsvoisinage.com\/wp\/wp-content\/uploads\/2023\/06\/Arpentage_mars_2023-768x335.jpg 768w\" sizes=\"(max-width: 767px) 89vw, (max-width: 1000px) 54vw, (max-width: 1071px) 543px, 580px\" \/><\/figure>\n\n\n\n<p><strong>Travaux sur le bassin :<\/strong><\/p>\n\n\n\n<ul><li>Am\u00e9nagement final compl\u00e9t\u00e9 en avril 2023<\/li><\/ul>\n\n\n\n<figure class=\"wp-block-image\"><img loading=\"lazy\" width=\"1075\" height=\"496\" src=\"https:\/\/crsvoisinage.com\/wp\/wp-content\/uploads\/2023\/06\/Bassin_avril_2023.png\" alt=\"\" class=\"wp-image-1593\" srcset=\"https:\/\/crsvoisinage.com\/wp\/wp-content\/uploads\/2023\/06\/Bassin_avril_2023.png 1075w, https:\/\/crsvoisinage.com\/wp\/wp-content\/uploads\/2023\/06\/Bassin_avril_2023-300x138.png 300w, https:\/\/crsvoisinage.com\/wp\/wp-content\/uploads\/2023\/06\/Bassin_avril_2023-1024x472.png 1024w, https:\/\/crsvoisinage.com\/wp\/wp-content\/uploads\/2023\/06\/Bassin_avril_2023-768x354.png 768w\" sizes=\"(max-width: 767px) 89vw, (max-width: 1000px) 54vw, (max-width: 1071px) 543px, 580px\" \/><\/figure>\n\n\n\n<ul><li>Remont\u00e9e de l&rsquo;eau jusqu&rsquo;au niveau sous les chemins d&rsquo;acc\u00e8s (mi-mai 2023)<\/li><\/ul>\n\n\n\n<figure class=\"wp-block-image\"><img loading=\"lazy\" width=\"1075\" height=\"497\" src=\"https:\/\/crsvoisinage.com\/wp\/wp-content\/uploads\/2023\/06\/Bassin_mai_2023.png\" alt=\"\" class=\"wp-image-1595\" srcset=\"https:\/\/crsvoisinage.com\/wp\/wp-content\/uploads\/2023\/06\/Bassin_mai_2023.png 1075w, https:\/\/crsvoisinage.com\/wp\/wp-content\/uploads\/2023\/06\/Bassin_mai_2023-300x139.png 300w, https:\/\/crsvoisinage.com\/wp\/wp-content\/uploads\/2023\/06\/Bassin_mai_2023-1024x473.png 1024w, https:\/\/crsvoisinage.com\/wp\/wp-content\/uploads\/2023\/06\/Bassin_mai_2023-768x355.png 768w\" sizes=\"(max-width: 767px) 89vw, (max-width: 1000px) 54vw, (max-width: 1071px) 543px, 580px\" \/><\/figure>\n\n\n\n<ul><li>Hydro-ensemencement par une firme sp\u00e9cialis\u00e9e pour limiter la propagation du phragmite (fin mai 2023)<\/li><\/ul>\n\n\n\n<figure class=\"wp-block-image\"><img loading=\"lazy\" width=\"1128\" height=\"324\" src=\"https:\/\/crsvoisinage.com\/wp\/wp-content\/uploads\/2023\/06\/Bassin_juin-2023.png\" alt=\"\" class=\"wp-image-1594\" srcset=\"https:\/\/crsvoisinage.com\/wp\/wp-content\/uploads\/2023\/06\/Bassin_juin-2023.png 1128w, https:\/\/crsvoisinage.com\/wp\/wp-content\/uploads\/2023\/06\/Bassin_juin-2023-300x86.png 300w, https:\/\/crsvoisinage.com\/wp\/wp-content\/uploads\/2023\/06\/Bassin_juin-2023-1024x294.png 1024w, https:\/\/crsvoisinage.com\/wp\/wp-content\/uploads\/2023\/06\/Bassin_juin-2023-768x221.png 768w\" sizes=\"(max-width: 767px) 89vw, (max-width: 1000px) 54vw, (max-width: 1071px) 543px, 580px\" \/><\/figure>\n\n\n\n<figure class=\"wp-block-image\"><img loading=\"lazy\" width=\"1280\" height=\"536\" src=\"https:\/\/crsvoisinage.com\/wp\/wp-content\/uploads\/2023\/06\/Travaux-a-venir_juin-2023.jpg\" alt=\"\" class=\"wp-image-1600\" srcset=\"https:\/\/crsvoisinage.com\/wp\/wp-content\/uploads\/2023\/06\/Travaux-a-venir_juin-2023.jpg 1280w, https:\/\/crsvoisinage.com\/wp\/wp-content\/uploads\/2023\/06\/Travaux-a-venir_juin-2023-300x126.jpg 300w, https:\/\/crsvoisinage.com\/wp\/wp-content\/uploads\/2023\/06\/Travaux-a-venir_juin-2023-1024x429.jpg 1024w, https:\/\/crsvoisinage.com\/wp\/wp-content\/uploads\/2023\/06\/Travaux-a-venir_juin-2023-768x322.jpg 768w\" sizes=\"(max-width: 767px) 89vw, (max-width: 1000px) 54vw, (max-width: 1071px) 543px, 580px\" \/><\/figure>\n\n\n\n<p><strong>Hiver\/printemps<\/strong><\/p>\n\n\n\n<p>Au cours de l\u2019hiver, Sanexen poursuivra la construction de la butte de l\u2019arri\u00e8re vers l\u2019avant, vers le chemin d\u2019Anjou et le recouvrement des parois avec des sols.<\/p>\n\n\n\n<p>Au printemps, une partie de la butte sera ensemenc\u00e9e et le foss\u00e9 p\u00e9riph\u00e9rique sera am\u00e9nag\u00e9 par enrochement. Le plan d\u2019eau sera \u00e9galement ennoy\u00e9 naturellement par les eaux souterraines et de surface. Sanexen poursuivra le d\u00e9p\u00f4t d\u2019argile dans le fond du bassin pour limiter la profondeur du bassin.<\/p>\n","protected":false},"excerpt":{"rendered":"<p>Automne 2023 &#8211; Hiver 2024 Dans le bassin, l\u2019eau s\u2019est \u00e9lev\u00e9e d\u2019un m\u00e8tre au cours de l\u2019\u00e9t\u00e9 2023. \u00c0 terme, l\u2019eau montera d\u2019environ un autre m\u00e8tre. L\u2019hydroensemencement pr\u00e9vient l\u2019envahissement par le phragmite (roseau commun). La butte est maintenant rendue \u00e0 environ 8 m\u00e8tres de sa hauteur maximale (approximativement la hauteur de la benne lev\u00e9e \u00e0 &hellip; <\/p>\n<p class=\"link-more\"><a href=\"https:\/\/crsvoisinage.com\/wp\/annee-2023\/\" class=\"more-link\">Continuer la lecture<span class=\"screen-reader-text\"> de &laquo;&nbsp;Ann\u00e9e 2023&nbsp;&raquo;<\/span><\/a><\/p>\n","protected":false},"author":4,"featured_media":0,"parent":0,"menu_order":0,"comment_status":"closed","ping_status":"closed","template":"","meta":[],"_links":{"self":[{"href":"https:\/\/crsvoisinage.com\/wp\/wp-json\/wp\/v2\/pages\/1748"}],"collection":[{"href":"https:\/\/crsvoisinage.com\/wp\/wp-json\/wp\/v2\/pages"}],"about":[{"href":"https:\/\/crsvoisinage.com\/wp\/wp-json\/wp\/v2\/types\/page"}],"author":[{"embeddable":true,"href":"https:\/\/crsvoisinage.com\/wp\/wp-json\/wp\/v2\/users\/4"}],"replies":[{"embeddable":true,"href":"https:\/\/crsvoisinage.com\/wp\/wp-json\/wp\/v2\/comments?post=1748"}],"version-history":[{"count":1,"href":"https:\/\/crsvoisinage.com\/wp\/wp-json\/wp\/v2\/pages\/1748\/revisions"}],"predecessor-version":[{"id":1750,"href":"https:\/\/crsvoisinage.com\/wp\/wp-json\/wp\/v2\/pages\/1748\/revisions\/1750"}],"wp:attachment":[{"href":"https:\/\/crsvoisinage.com\/wp\/wp-json\/wp\/v2\/media?parent=1748"}],"curies":[{"name":"wp","href":"https:\/\/api.w.org\/{rel}","templated":true}]}}