{"id":472,"date":"2018-05-28T16:32:01","date_gmt":"2018-05-28T16:32:01","guid":{"rendered":"https:\/\/crsvoisinage.com\/wp\/?page_id=472"},"modified":"2021-09-27T19:33:12","modified_gmt":"2021-09-27T19:33:12","slug":"les-mesures-de-reduction-des-nuisances-potentielles","status":"publish","type":"page","link":"https:\/\/crsvoisinage.com\/wp\/plan-de-bonne-cohabitation\/les-mesures-de-reduction-des-nuisances-potentielles\/","title":{"rendered":"Les mesures de r\u00e9duction des nuisances potentielles au site CRS"},"content":{"rendered":"<table style=\"font-size: 1rem;\">\n<tbody>\n<tr>\n<td width=\"127\"><span style=\"color: #99cc00;\"><strong>Bruit<\/strong><\/span><\/td>\n<td width=\"306\">\n<ul>\n<li>Interdiction d\u2019utiliser les freins moteurs<\/li>\n<li>Interdiction de faire claquer la<br \/>\nporte arri\u00e8re des camions<\/li>\n<li>Suivi des niveaux sonores<\/li>\n<li>Mur antibruit<\/li>\n<li>Modification des avertisseurs de recul sur la machinerie de chantier<\/li>\n<\/ul>\n<\/td>\n<td width=\"142\">\u00a0<img loading=\"lazy\" class=\"alignnone size-full wp-image-127\" src=\"https:\/\/crsvoisinage.com\/wp\/wp-content\/uploads\/2018\/04\/1.gif\" alt=\"\" width=\"220\" height=\"220\" \/><\/td>\n<\/tr>\n<tr>\n<td width=\"127\"><span style=\"color: #99cc00;\"><strong>Poussi\u00e8res<\/strong><\/span><\/td>\n<td width=\"306\">\n<ul>\n<li>Arrosages r\u00e9guliers<\/li>\n<li>Mesures de contr\u00f4le des poussi\u00e8res<\/li>\n<li>Organisation des travaux selon<br \/>\nles conditions m\u00e9t\u00e9orologiques :<\/li>\n<li>Direction des vents<\/li>\n<li>Intensit\u00e9 des vents<\/li>\n<li>Temps tr\u00e8s sec<\/li>\n<li>Aire de d\u00e9chargement appropri\u00e9e<\/li>\n<\/ul>\n<\/td>\n<td width=\"142\">\u00a0<img loading=\"lazy\" class=\"alignnone size-medium wp-image-128\" src=\"https:\/\/crsvoisinage.com\/wp\/wp-content\/uploads\/2018\/04\/2-300x300.gif\" alt=\"\" width=\"300\" height=\"300\" srcset=\"https:\/\/crsvoisinage.com\/wp\/wp-content\/uploads\/2018\/04\/2-300x300.gif 300w, https:\/\/crsvoisinage.com\/wp\/wp-content\/uploads\/2018\/04\/2-150x150.gif 150w, https:\/\/crsvoisinage.com\/wp\/wp-content\/uploads\/2018\/04\/2-100x100.gif 100w\" sizes=\"(max-width: 300px) 100vw, 300px\" \/><\/td>\n<\/tr>\n<tr>\n<td width=\"127\"><span style=\"color: #99cc00;\"><strong>Propret\u00e9 des<br \/>\nvoies publiques<\/strong><\/span><\/td>\n<td width=\"306\">\n<ul>\n<li>Aire de lavage des camions<\/li>\n<li>Camion-balai et balai m\u00e9canique<\/li>\n<li>Utilisation des voies pav\u00e9es existantes<\/li>\n<\/ul>\n<\/td>\n<td width=\"142\">\u00a0<img loading=\"lazy\" class=\"alignnone size-medium wp-image-129\" src=\"https:\/\/crsvoisinage.com\/wp\/wp-content\/uploads\/2018\/04\/3-300x190.gif\" alt=\"\" width=\"300\" height=\"190\" \/><\/td>\n<\/tr>\n<tr>\n<td width=\"127\"><span style=\"color: #99cc00;\"><strong>Vibrations<\/strong><\/span><\/td>\n<td width=\"306\">\n<ul>\n<li>Inspection pr\u00e9alable aux travaux<br \/>\ndes b\u00e2timents :<\/p>\n<ul>\n<li>Chemin d\u2019Anjou<\/li>\n<li>Rue De Montbrun<\/li>\n<\/ul>\n<\/li>\n<\/ul>\n<\/td>\n<td width=\"142\">\u00a0<img loading=\"lazy\" class=\"alignnone size-medium wp-image-130\" src=\"https:\/\/crsvoisinage.com\/wp\/wp-content\/uploads\/2018\/04\/4-300x152.gif\" alt=\"\" width=\"300\" height=\"152\" \/><\/td>\n<\/tr>\n<\/tbody>\n<\/table>\n<p>&nbsp;<\/p>\n","protected":false},"excerpt":{"rendered":"<p>Bruit Interdiction d\u2019utiliser les freins moteurs Interdiction de faire claquer la porte arri\u00e8re des camions Suivi des niveaux sonores Mur antibruit Modification des avertisseurs de recul sur la machinerie de chantier \u00a0 Poussi\u00e8res Arrosages r\u00e9guliers Mesures de contr\u00f4le des poussi\u00e8res Organisation des travaux selon les conditions m\u00e9t\u00e9orologiques : Direction des vents Intensit\u00e9 des vents Temps &hellip; <\/p>\n<p class=\"link-more\"><a href=\"https:\/\/crsvoisinage.com\/wp\/plan-de-bonne-cohabitation\/les-mesures-de-reduction-des-nuisances-potentielles\/\" class=\"more-link\">Continuer la lecture<span class=\"screen-reader-text\"> de &laquo;&nbsp;Les mesures de r\u00e9duction des nuisances potentielles au site CRS&nbsp;&raquo;<\/span><\/a><\/p>\n","protected":false},"author":2,"featured_media":0,"parent":222,"menu_order":4,"comment_status":"closed","ping_status":"closed","template":"","meta":[],"_links":{"self":[{"href":"https:\/\/crsvoisinage.com\/wp\/wp-json\/wp\/v2\/pages\/472"}],"collection":[{"href":"https:\/\/crsvoisinage.com\/wp\/wp-json\/wp\/v2\/pages"}],"about":[{"href":"https:\/\/crsvoisinage.com\/wp\/wp-json\/wp\/v2\/types\/page"}],"author":[{"embeddable":true,"href":"https:\/\/crsvoisinage.com\/wp\/wp-json\/wp\/v2\/users\/2"}],"replies":[{"embeddable":true,"href":"https:\/\/crsvoisinage.com\/wp\/wp-json\/wp\/v2\/comments?post=472"}],"version-history":[{"count":8,"href":"https:\/\/crsvoisinage.com\/wp\/wp-json\/wp\/v2\/pages\/472\/revisions"}],"predecessor-version":[{"id":1361,"href":"https:\/\/crsvoisinage.com\/wp\/wp-json\/wp\/v2\/pages\/472\/revisions\/1361"}],"up":[{"embeddable":true,"href":"https:\/\/crsvoisinage.com\/wp\/wp-json\/wp\/v2\/pages\/222"}],"wp:attachment":[{"href":"https:\/\/crsvoisinage.com\/wp\/wp-json\/wp\/v2\/media?parent=472"}],"curies":[{"name":"wp","href":"https:\/\/api.w.org\/{rel}","templated":true}]}}